{"id":7378,"date":"2025-10-23T10:35:23","date_gmt":"2025-10-23T08:35:23","guid":{"rendered":"https:\/\/shop.herkulesgroup.com\/terms-and-conditions\/"},"modified":"2026-03-05T08:11:07","modified_gmt":"2026-03-05T07:11:07","slug":"terms-and-conditions","status":"publish","type":"page","link":"https:\/\/shop.herkulesgroup.com\/en\/terms-and-conditions\/","title":{"rendered":"Terms and Conditions"},"content":{"rendered":"\t\t<div data-elementor-type=\"wp-page\" data-elementor-id=\"7378\" class=\"elementor elementor-7378 elementor-4539\">\n\t\t\t\t\t\t<section data-plugin-parallax=\"\" data-plugin-options=\"{&quot;speed&quot;: 1.6}\" class=\"elementor-section elementor-top-section elementor-element elementor-element-e5b689a elementor-section-full_width has-parallax-bg elementor-section-stretched elementor-section-height-default elementor-section-height-default\" data-id=\"e5b689a\" data-element_type=\"section\" data-e-type=\"section\" id=\"parallax\" data-settings=\"{&quot;background_background&quot;:&quot;classic&quot;,&quot;stretch_section&quot;:&quot;section-stretched&quot;}\">\r\n\t\t\r\n\t\t\t\t\t\t\t<div class=\"elementor-container elementor-column-gap-no porto-ibanner\">\r\n\t\t\t\t<img fetchpriority=\"high\" decoding=\"async\" src=\"https:\/\/shop.herkulesgroup.com\/wp-content\/uploads\/2025\/10\/shop18_home_banner3.jpg\" alt=\"\" width=\"1920\" height=\"1000\" class=\"porto-ibanner-img\" srcset=\"https:\/\/shop.herkulesgroup.com\/wp-content\/uploads\/2025\/10\/shop18_home_banner3.jpg 1920w, https:\/\/shop.herkulesgroup.com\/wp-content\/uploads\/2025\/10\/shop18_home_banner3-1024x533.jpg 1024w, https:\/\/shop.herkulesgroup.com\/wp-content\/uploads\/2025\/10\/shop18_home_banner3-768x400.jpg 768w, https:\/\/shop.herkulesgroup.com\/wp-content\/uploads\/2025\/10\/shop18_home_banner3-1536x800.jpg 1536w, https:\/\/shop.herkulesgroup.com\/wp-content\/uploads\/2025\/10\/shop18_home_banner3-640x333.jpg 640w, https:\/\/shop.herkulesgroup.com\/wp-content\/uploads\/2025\/10\/shop18_home_banner3-400x208.jpg 400w, https:\/\/shop.herkulesgroup.com\/wp-content\/uploads\/2025\/10\/shop18_home_banner3-600x313.jpg 600w\" sizes=\"(max-width: 1920px) 100vw, 1920px\">\t\t\t\t\t\t\t<div class=\"elementor-column elementor-col-100 elementor-top-column elementor-element elementor-element-904faee\" data-id=\"904faee\" data-element_type=\"column\" data-e-type=\"column\" data-settings=\"{&quot;text_align1&quot;:&quot;center&quot;}\">\r\n\t\t<style>.elementor-element-904faee .porto-ibanner-layer {left: 50%;right: unset;top: 50%;bottom: unset;transform: translate(-50%, -50%);}<\/style>\t\t\t<div class=\"porto-ibanner-layer elementor-widget-wrap elementor-element-populated\">\r\n\t\t\t\t\t\t\t\t<div class=\"elementor-element elementor-element-6944ca1 elementor-widget elementor-widget-heading\" data-id=\"6944ca1\" data-element_type=\"widget\" data-e-type=\"widget\" data-widget_type=\"heading.default\">\n\t\t\t\t\t<h2 class=\"elementor-heading-title elementor-size-default\">Terms and Conditions<\/h2>\t\t\t\t<\/div>\n\t\t\t\t\t<\/div>\r\n\t\t\t\t<\/div>\r\n\t\t\t\t\t<\/div>\r\n\t\t\t\t<\/section>\r\n\t\t<div class=\"elementor-element elementor-element-a60b959 e-flex e-con-boxed e-con e-parent\" data-id=\"a60b959\" data-element_type=\"container\" data-e-type=\"container\">\r\n\t\t\t\t\t<div class=\"e-con-inner\">\r\n\t\t\t\t<div class=\"elementor-element elementor-element-dd19d1a elementor-widget elementor-widget-text-editor\" data-id=\"dd19d1a\" data-element_type=\"widget\" data-e-type=\"widget\" data-widget_type=\"text-editor.default\">\n\t\t\t\t\t\t\t\t\t<p><strong>Allgemeine Gesch\u00e4ftsbedingungen<\/strong><\/p><p><strong>1. Area of application<\/strong><\/p><p>The following terms and conditions apply to all orders placed via our online shop. Our online shop is intended exclusively for consumers.<\/p><p>Verbraucher ist jede nat\u00fcrliche Person, die ein Rechtsgesch\u00e4ft zu Zwecken abschlie\u00dft, die \u00fcberwiegend weder ihrer gewerblichen noch ihrer selbst\u00e4ndigen beruflichen T\u00e4tigkeit zugerechnet werden k\u00f6nnen. An entrepreneur is a natural or legal person or a partnership with legal capacity who, when concluding a legal transaction, acts in the exercise of their commercial or independent professional activity.<\/p><p>The fact that delivery is made exclusively to business addresses does not alter the fact that contracts are concluded with consumers within the meaning of Section 13 of the German Civil Code (BGB), provided that the order is made predominantly for private purposes.<\/p><p><strong>2. Contracting parties, conclusion of contract, correction options<\/strong><\/p><p>The purchase agreement is concluded with HerkulesGroup Services GmbH.<\/p><p>The presentation of products in the online shop does not constitute a legally binding offer, but rather a non-binding online catalog. You can initially place our products in your shopping cart without obligation and correct your entries at any time before submitting your binding order by using the correction aids provided and explained in the order process. By clicking on the order button, you are placing a binding order for the goods contained in your shopping cart. Confirmation of receipt of your order will be sent by email immediately after the order has been submitted.<\/p><p><strong>3. Prices and payment method<\/strong><\/p><p>The price stated in the order is binding.<\/p><p>Unless expressly agreed otherwise in writing, statutory value added tax is included in the final price.<\/p><p>Unless expressly agreed otherwise, the price includes packaging and transport costs.<\/p><p>When the contract with us is concluded, the following applies depending on the payment method you have chosen:<\/p><p>Credit card \/ Google Pay \/ Apple Pay<br>When you place your order, you provide your credit card details and the credit card company performs an authorization check. Once you have been verified as the legitimate cardholder, the payment transaction will be initiated automatically and your credit card will be charged when you place your order. <\/p><p>PayPal<br>During the ordering process, you will be redirected to the website of the online provider PayPal. There you can enter your payment details and confirm the payment instruction to PayPal. After placing your order in the shop, we request PayPal to initiate the payment transaction and thereby accept your offer.<\/p><p>Klarna<br>In cooperation with Klarna Bank AB (publ), Sveav\u00e4gen 46, 111 34 Stockholm, Sweden, we offer you various payment options. Payment is made in accordance with the Klarna terms and conditions displayed during the ordering process.<\/p><p><strong>4. Delivery terms<\/strong><\/p><p>Unless expressly agreed otherwise, all deliveries shall be made to the delivery address specified by the seller.<\/p><p>Delivery is made exclusively to business locations of the HerkulesGroup or its affiliated companies in Germany and Austria. Delivery to private residential addresses is not possible.<\/p><p data-start=\"2320\" data-end=\"2626\">Please note that individual products cannot be delivered to all countries for logistical or legal reasons. <\/p><p><strong>5. Warranty and guarantees<\/strong><\/p><p>Unless expressly agreed otherwise below, the statutory liability for defects shall apply.<br>The following applies to used goods: if the defect occurs after one year from delivery of the goods, claims for defects are excluded. Defects that occur within one year of delivery of the goods can be claimed within the statutory limitation period of two years from delivery of the goods.<br>The above restrictions and shortened periods do not apply to claims based on damage caused by us, our legal representatives, or vicarious agents:<br>\u2022 in the event of injury to life, limb, or health<br>\u2022 in the event of intentional or grossly negligent breach of duty and malice<br>\u2022 in the event of a breach of essential contractual obligations, the fulfillment of which is essential for the proper execution of the contract and on the observance of which the contractual partner may regularly rely (cardinal obligations)<br>\u2022 within the scope of a guarantee promise, if agreed, or<br>\u2022 insofar as the scope of application of the Product Liability Act applies.<br>Information on any additional guarantees that may apply and their exact conditions can be found with the product and on special information pages in the online shop.<\/p><p><strong>6. Dispute resolution<\/strong><\/p><p>The European Commission provides a platform for online dispute resolution (ODR), which you can access <a href=\"http:\/\/[https:\/\/ec.europa.eu\/consumers\/odr\/\" data-wplink-url-error=\"true\">[https:\/\/ec .europa.eu\/consumers\/odr \/] here. We are not obliged and not willing to participate in dispute resolution proceedings before a consumer arbitration board.<\/p>\t\t\t\t\t\t\t\t<\/div>\n\t\t\t\t\t<\/div>\n\t\t\t\t<\/div>\n\t\t\t\t<\/div>\n\t\t","protected":false},"excerpt":{"rendered":"<p>Terms and Conditions Allgemeine Gesch\u00e4ftsbedingungen 1. Area of application The following terms and conditions apply to all orders placed via our online shop. Our online shop is intended exclusively for consumers. Verbraucher ist jede nat\u00fcrliche Person, die ein Rechtsgesch\u00e4ft zu Zwecken abschlie\u00dft, die \u00fcberwiegend weder ihrer gewerblichen noch ihrer selbst\u00e4ndigen beruflichen T\u00e4tigkeit zugerechnet werden k\u00f6nnen. [&hellip;]<\/p>\n","protected":false},"author":2,"featured_media":0,"parent":0,"menu_order":0,"comment_status":"closed","ping_status":"closed","template":"","meta":{"footnotes":""},"class_list":["post-7378","page","type-page","status-publish","hentry"],"_links":{"self":[{"href":"https:\/\/shop.herkulesgroup.com\/en\/wp-json\/wp\/v2\/pages\/7378","targetHints":{"allow":["GET"]}}],"collection":[{"href":"https:\/\/shop.herkulesgroup.com\/en\/wp-json\/wp\/v2\/pages"}],"about":[{"href":"https:\/\/shop.herkulesgroup.com\/en\/wp-json\/wp\/v2\/types\/page"}],"author":[{"embeddable":true,"href":"https:\/\/shop.herkulesgroup.com\/en\/wp-json\/wp\/v2\/users\/2"}],"replies":[{"embeddable":true,"href":"https:\/\/shop.herkulesgroup.com\/en\/wp-json\/wp\/v2\/comments?post=7378"}],"version-history":[{"count":4,"href":"https:\/\/shop.herkulesgroup.com\/en\/wp-json\/wp\/v2\/pages\/7378\/revisions"}],"predecessor-version":[{"id":7440,"href":"https:\/\/shop.herkulesgroup.com\/en\/wp-json\/wp\/v2\/pages\/7378\/revisions\/7440"}],"wp:attachment":[{"href":"https:\/\/shop.herkulesgroup.com\/en\/wp-json\/wp\/v2\/media?parent=7378"}],"curies":[{"name":"wp","href":"https:\/\/api.w.org\/{rel}","templated":true}]}}